{"id":12,"date":"2023-09-23T21:52:12","date_gmt":"2023-09-23T21:52:12","guid":{"rendered":"http:\/\/www.aldemkimya.com.tr\/?page_id=12"},"modified":"2023-09-25T20:54:08","modified_gmt":"2023-09-25T20:54:08","slug":"hakkimizda","status":"publish","type":"page","link":"http:\/\/www.aldemkimya.com.tr\/?page_id=12","title":{"rendered":"HAKKIMIZDA"},"content":{"rendered":"\n<p class=\"has-medium-font-size\">Aldem Kimya olarak;<\/p>\n\n\n\n<p><\/p>\n\n\n\n<p class=\"has-medium-font-size\"><strong>M\u0130SYON<\/strong><\/p>\n\n\n\n<p><\/p>\n\n\n\n<p class=\"has-medium-font-size\"><strong>V\u0130ZYON<\/strong><\/p>\n\n\n\n<p><\/p>\n\n\n\n<p class=\"has-medium-font-size\"><strong>\u015e\u0130RKET \u00d6ZELL\u0130KLER\u0130M\u0130Z<\/strong><\/p>\n\n\n\n<ul class=\"wp-block-list\">\n<li>M\u00fc\u015fteri odakl\u0131l\u0131k<\/li>\n\n\n\n<li>Yenilik\u00e7i d\u00fc\u015f\u00fcnme tarz\u0131m\u0131z<\/li>\n\n\n\n<li>Dinamik ve hedef odakl\u0131l\u0131k<\/li>\n\n\n\n<li>Sekt\u00f6rel deneyim ve bilgi birikimi<\/li>\n<\/ul>\n\n\n\n<p class=\"has-medium-font-size\"><strong>\u015e\u0130RKET DE\u011eERLER\u0130M\u0130Z<\/strong><\/p>\n\n\n\n<ul class=\"wp-block-list\">\n<li>Samimiyet ve d\u00fcr\u00fcstl\u00fck<\/li>\n\n\n\n<li>\u0130nsana ve do\u011faya sayg\u0131<\/li>\n\n\n\n<li>Hizmette m\u00fckemmellik<\/li>\n\n\n\n<li>\u015eeffafl\u0131k, hesap verilebilirlik, sorumluluk bilinci, e\u015fitlik<\/li>\n<\/ul>\n","protected":false},"excerpt":{"rendered":"<p>Aldem Kimya olarak; M\u0130SYON V\u0130ZYON \u015e\u0130RKET \u00d6ZELL\u0130KLER\u0130M\u0130Z \u015e\u0130RKET DE\u011eERLER\u0130M\u0130Z<\/p>\n","protected":false},"author":1,"featured_media":0,"parent":0,"menu_order":0,"comment_status":"closed","ping_status":"closed","template":"","meta":{"footnotes":""},"class_list":["post-12","page","type-page","status-publish","hentry"],"_links":{"self":[{"href":"http:\/\/www.aldemkimya.com.tr\/index.php?rest_route=\/wp\/v2\/pages\/12","targetHints":{"allow":["GET"]}}],"collection":[{"href":"http:\/\/www.aldemkimya.com.tr\/index.php?rest_route=\/wp\/v2\/pages"}],"about":[{"href":"http:\/\/www.aldemkimya.com.tr\/index.php?rest_route=\/wp\/v2\/types\/page"}],"author":[{"embeddable":true,"href":"http:\/\/www.aldemkimya.com.tr\/index.php?rest_route=\/wp\/v2\/users\/1"}],"replies":[{"embeddable":true,"href":"http:\/\/www.aldemkimya.com.tr\/index.php?rest_route=%2Fwp%2Fv2%2Fcomments&post=12"}],"version-history":[{"count":3,"href":"http:\/\/www.aldemkimya.com.tr\/index.php?rest_route=\/wp\/v2\/pages\/12\/revisions"}],"predecessor-version":[{"id":54,"href":"http:\/\/www.aldemkimya.com.tr\/index.php?rest_route=\/wp\/v2\/pages\/12\/revisions\/54"}],"wp:attachment":[{"href":"http:\/\/www.aldemkimya.com.tr\/index.php?rest_route=%2Fwp%2Fv2%2Fmedia&parent=12"}],"curies":[{"name":"wp","href":"https:\/\/api.w.org\/{rel}","templated":true}]}}