{"id":15,"date":"2023-09-23T21:52:12","date_gmt":"2023-09-23T21:52:12","guid":{"rendered":"http:\/\/www.aldemkimya.com.tr\/?page_id=15"},"modified":"2023-09-26T06:50:32","modified_gmt":"2023-09-26T06:50:32","slug":"iletisim","status":"publish","type":"page","link":"http:\/\/www.aldemkimya.com.tr\/?page_id=15","title":{"rendered":"\u0130LET\u0130\u015e\u0130M"},"content":{"rendered":"\n<p class=\"has-text-color has-medium-font-size\" style=\"color:#233f84\"><strong>Aldem Kimya Sanayi ve Ticaret Ltd. \u015eti.<\/strong><\/p>\n\n\n\n<p class=\"has-text-align-left has-medium-font-size\"><strong>ADRES<\/strong><\/p>\n\n\n\n<p>Akse Mah. 557. Sk. Anka Yap\u0131 Sitesi A4 Blok No:20 \u0130\u00e7 Kap\u0131 No:13  \u00c7ay\u0131rova \/ KOCAEL\u0130<\/p>\n\n\n\n<p>Telefon: +90 544 931 57 57<\/p>\n\n\n\n<p>E-mail: info@aldemkimya.com.tr <\/p>\n","protected":false},"excerpt":{"rendered":"<p>Aldem Kimya Sanayi ve Ticaret Ltd. \u015eti. ADRES Akse Mah. 557. Sk. Anka Yap\u0131 Sitesi A4 Blok No:20 \u0130\u00e7 Kap\u0131 No:13 \u00c7ay\u0131rova \/ KOCAEL\u0130 Telefon: +90 544 931 57 57 E-mail: info@aldemkimya.com.tr<\/p>\n","protected":false},"author":1,"featured_media":0,"parent":0,"menu_order":0,"comment_status":"closed","ping_status":"closed","template":"","meta":{"footnotes":""},"class_list":["post-15","page","type-page","status-publish","hentry"],"_links":{"self":[{"href":"http:\/\/www.aldemkimya.com.tr\/index.php?rest_route=\/wp\/v2\/pages\/15","targetHints":{"allow":["GET"]}}],"collection":[{"href":"http:\/\/www.aldemkimya.com.tr\/index.php?rest_route=\/wp\/v2\/pages"}],"about":[{"href":"http:\/\/www.aldemkimya.com.tr\/index.php?rest_route=\/wp\/v2\/types\/page"}],"author":[{"embeddable":true,"href":"http:\/\/www.aldemkimya.com.tr\/index.php?rest_route=\/wp\/v2\/users\/1"}],"replies":[{"embeddable":true,"href":"http:\/\/www.aldemkimya.com.tr\/index.php?rest_route=%2Fwp%2Fv2%2Fcomments&post=15"}],"version-history":[{"count":5,"href":"http:\/\/www.aldemkimya.com.tr\/index.php?rest_route=\/wp\/v2\/pages\/15\/revisions"}],"predecessor-version":[{"id":71,"href":"http:\/\/www.aldemkimya.com.tr\/index.php?rest_route=\/wp\/v2\/pages\/15\/revisions\/71"}],"wp:attachment":[{"href":"http:\/\/www.aldemkimya.com.tr\/index.php?rest_route=%2Fwp%2Fv2%2Fmedia&parent=15"}],"curies":[{"name":"wp","href":"https:\/\/api.w.org\/{rel}","templated":true}]}}